{"id":3852,"date":"2015-05-28T10:05:02","date_gmt":"2015-05-28T10:05:02","guid":{"rendered":"https:\/\/www.gandlerhof.it\/?page_id=3852"},"modified":"2024-10-04T11:47:54","modified_gmt":"2024-10-04T11:47:54","slug":"editoria","status":"publish","type":"page","link":"https:\/\/www.gandlerhof.it\/it\/editoria\/","title":{"rendered":"Editoria"},"content":{"rendered":"<p><a title=\"Direttiva Privacy\" href=\"\/it\/direttiva-privacy\/\">Direttiva privacy<\/a><\/p>\n<p>Il signor Martin Felder\u00a0si assume la responsabilit\u00e0 dei testi, delle foto nonch\u00e9 dei contenuti di questo sito web.<\/p>\n<p>Foto: Gandlerhof, Panzenpachhof |\u00a0Area Vacanze Plan de Corones: U. Bernhart, M. Sch\u00f6negger, H. Gasser<\/p>\n<p><img loading=\"lazy\" src=\"https:\/\/www.gandlerhof.it\/wp-content\/uploads\/2015\/02\/gandlerhof-logo-green-02.svg\" alt=\"Gandlerhof\" width=\"283\" height=\"57\" \/><\/p>\n<p><strong>Appartamenti\u00a0Gandlerhof<\/strong><br \/>\nReferente: Sig. Felder Martin<br \/>\nVia Hermann von Gilm 19 | 39030 Valdaora - Plan de Corones<br \/>\nTel. <a href=\"tel:+393450487116\">+39 345 0487116<\/a> |\u00a0E-Mail: <a href=\"mailto:info@gandlerhof.it\">info@gandlerhof.it<\/a><\/p>\n<p><small>Part. IVA IT\u00a000754830214<br \/>\nIscr. Camera di Commercio di Bolzano - REA n\u00b0 151185<br \/>\nCIN Gandlerhof: IT021106B5766CJJFD<br \/>\nCIN Panzenbachhof: IT021106B562E9LGES<br \/>\n<\/small><\/p>\n<p><small>Informazione obbligatoria ai sensi del Regolamento UE n. 524\/2013 del Parlamento europeo e del Consiglio. Piattaforma per la risoluzione delle controversie online dei consumatori (ODR) della Commissione europea: <a href=\"http:\/\/ec.europa.eu\/consumers\/odr\/\" target=\"_blank\" rel=\"noopener noreferrer\">http:\/\/ec.europa.eu\/consumers\/odr\/<\/a><\/small><\/p>\n<div class=\"sm_hr\"><\/div><!-- .sm_hr (end) -->\n<p>Il Copyright \u00a9 relativo a progetto Internet, programmazione di questo sito \u00e8 di propriet\u00e0 della ditta SiMedia Srl. \u00c8 vietato ogni utilizzo senza previo consenso scritto.<\/p>\n<p><a title=\"www.SiMedia.com\" href=\"https:\/\/www.simedia.com\" target=\"_blank\" rel=\"noopener noreferrer\"><img loading=\"lazy\" src=\"https:\/\/www.gandlerhof.it\/wp-content\/uploads\/2015\/02\/simedia_impressum.svg\" alt=\"\" width=\"250\" height=\"120\" \/><br \/>\n<\/a><br \/>\nSi fa espressamente notare che il nostro operato non esercita alcun tipo di influenza sulla configurazione nonch\u00e9 sui contenuti di pagine collegate a questo sito web. Non ci assumiamo pertanto alcuna responsabilit\u00e0 n\u00e9 garanzia per quanto riguarda il contenuto di dette pagine. Ci dissociamo chiaramente dai pareri espressi in esse, che a volte potrebbero anche non coincidere con la nostra opinione.<\/p>\n<p>SiMedia, la vostra affidabile agenzia internet in Alto Adige per la realizzazione e la promozione del vostro sito web. Dal 1997.<\/p>\n<p><strong>SiMedia Srl<\/strong><br \/>\nReferente: Reinhold Sieder<br \/>\nZona Artigianale 12, I-39039 Villabassa (BZ), Italia<br \/>\nInternet:\u00a0<a title=\"www.SiMedia.com\" href=\"https:\/\/www.simedia.com\/\" target=\"_blank\" rel=\"noopener noreferrer\">www.SiMedia.com<\/a><br \/>\nPart. IVA\u00a0IT02365710215<\/p>\n","protected":false},"excerpt":{"rendered":"Direttiva privacy Il signor Martin Felder\u00a0si assume la responsabilit\u00e0 dei testi, delle foto nonch\u00e9 dei contenuti di questo sito web. Foto: Gandlerhof, Panzenpachhof |\u00a0Area Vacanze Plan de Corones: U. Bernhart, M. Sch\u00f6negger, H. Gasser Appartamenti\u00a0Gandlerhof Referente: Sig. Felder Martin Via Hermann von Gilm 19 | 39030 Valdaora - Plan de Corones Tel. +39 345 0487116 |\u00a0E-Mail: info@gandlerhof.it Part. IVA IT\u00a000754830214&nbsp;<a href=\"https:\/\/www.gandlerhof.it\/it\/editoria\/\" class=\"read-more\">Continue Reading<\/a>","protected":false},"author":5,"featured_media":0,"parent":0,"menu_order":0,"comment_status":"open","ping_status":"open","template":"page-fullwidth.php","meta":[],"yoast_head":"<!-- This site is optimized with the Yoast SEO plugin v16.1.1 - https:\/\/yoast.com\/wordpress\/plugins\/seo\/ -->\n<link rel=\"canonical\" href=\"https:\/\/www.gandlerhof.it\/it\/editoria\/\" \/>\n<meta property=\"og:locale\" content=\"it_IT\" \/>\n<meta property=\"og:type\" content=\"article\" \/>\n<meta property=\"og:title\" content=\"Editoria - Gandlerhof | Panzenbachhof\" \/>\n<meta property=\"og:description\" content=\"Direttiva privacy Il signor Martin Felder\u00a0si assume la responsabilit\u00e0 dei testi, delle foto nonch\u00e9 dei contenuti di questo sito web. Foto: Gandlerhof, Panzenpachhof |\u00a0Area Vacanze Plan de Corones: U. Bernhart, M. Sch\u00f6negger, H. Gasser Appartamenti\u00a0Gandlerhof Referente: Sig. Felder Martin Via Hermann von Gilm 19 | 39030 Valdaora - Plan de Corones Tel. +39 345 0487116 |\u00a0E-Mail: info@gandlerhof.it Part. IVA IT\u00a000754830214&nbsp;Continue Reading\" \/>\n<meta property=\"og:url\" content=\"https:\/\/www.gandlerhof.it\/it\/editoria\/\" \/>\n<meta property=\"og:site_name\" content=\"Gandlerhof | Panzenbachhof\" \/>\n<meta property=\"article:modified_time\" content=\"2024-10-04T11:47:54+00:00\" \/>\n<meta property=\"og:image\" content=\"https:\/\/www.gandlerhof.it\/wp-content\/uploads\/2015\/02\/gandlerhof-logo-green-02.svg\" \/>\n<meta name=\"twitter:card\" content=\"summary_large_image\" \/>\n<meta name=\"twitter:label1\" content=\"Tempo di lettura stimato\">\n\t<meta name=\"twitter:data1\" content=\"2 minuti\">\n<script type=\"application\/ld+json\" class=\"yoast-schema-graph\">{\"@context\":\"https:\/\/schema.org\",\"@graph\":[{\"@type\":\"WebSite\",\"@id\":\"https:\/\/www.gandlerhof.it\/#website\",\"url\":\"https:\/\/www.gandlerhof.it\/\",\"name\":\"Gandlerhof | Panzenbachhof\",\"description\":\"\",\"potentialAction\":[{\"@type\":\"SearchAction\",\"target\":\"https:\/\/www.gandlerhof.it\/?s={search_term_string}\",\"query-input\":\"required name=search_term_string\"}],\"inLanguage\":\"it-IT\"},{\"@type\":\"ImageObject\",\"@id\":\"https:\/\/www.gandlerhof.it\/it\/editoria\/#primaryimage\",\"inLanguage\":\"it-IT\",\"url\":\"https:\/\/www.gandlerhof.it\/wp-content\/uploads\/2015\/02\/gandlerhof-logo-green-02.svg\",\"contentUrl\":\"https:\/\/www.gandlerhof.it\/wp-content\/uploads\/2015\/02\/gandlerhof-logo-green-02.svg\",\"caption\":\"Gandlerhof\"},{\"@type\":\"WebPage\",\"@id\":\"https:\/\/www.gandlerhof.it\/it\/editoria\/#webpage\",\"url\":\"https:\/\/www.gandlerhof.it\/it\/editoria\/\",\"name\":\"Editoria - Gandlerhof | Panzenbachhof\",\"isPartOf\":{\"@id\":\"https:\/\/www.gandlerhof.it\/#website\"},\"primaryImageOfPage\":{\"@id\":\"https:\/\/www.gandlerhof.it\/it\/editoria\/#primaryimage\"},\"datePublished\":\"2015-05-28T10:05:02+00:00\",\"dateModified\":\"2024-10-04T11:47:54+00:00\",\"breadcrumb\":{\"@id\":\"https:\/\/www.gandlerhof.it\/it\/editoria\/#breadcrumb\"},\"inLanguage\":\"it-IT\",\"potentialAction\":[{\"@type\":\"ReadAction\",\"target\":[\"https:\/\/www.gandlerhof.it\/it\/editoria\/\"]}]},{\"@type\":\"BreadcrumbList\",\"@id\":\"https:\/\/www.gandlerhof.it\/it\/editoria\/#breadcrumb\",\"itemListElement\":[{\"@type\":\"ListItem\",\"position\":1,\"item\":{\"@type\":\"WebPage\",\"@id\":\"https:\/\/www.gandlerhof.it\/it\/\",\"url\":\"https:\/\/www.gandlerhof.it\/it\/\",\"name\":\"Startseite\"}},{\"@type\":\"ListItem\",\"position\":2,\"item\":{\"@type\":\"WebPage\",\"@id\":\"https:\/\/www.gandlerhof.it\/it\/editoria\/\",\"url\":\"https:\/\/www.gandlerhof.it\/it\/editoria\/\",\"name\":\"Editoria\"}}]}]}<\/script>\n<!-- \/ Yoast SEO plugin. -->","_links":{"self":[{"href":"https:\/\/www.gandlerhof.it\/it\/wp-json\/wp\/v2\/pages\/3852"}],"collection":[{"href":"https:\/\/www.gandlerhof.it\/it\/wp-json\/wp\/v2\/pages"}],"about":[{"href":"https:\/\/www.gandlerhof.it\/it\/wp-json\/wp\/v2\/types\/page"}],"author":[{"embeddable":true,"href":"https:\/\/www.gandlerhof.it\/it\/wp-json\/wp\/v2\/users\/5"}],"replies":[{"embeddable":true,"href":"https:\/\/www.gandlerhof.it\/it\/wp-json\/wp\/v2\/comments?post=3852"}],"version-history":[{"count":5,"href":"https:\/\/www.gandlerhof.it\/it\/wp-json\/wp\/v2\/pages\/3852\/revisions"}],"predecessor-version":[{"id":4756,"href":"https:\/\/www.gandlerhof.it\/it\/wp-json\/wp\/v2\/pages\/3852\/revisions\/4756"}],"wp:attachment":[{"href":"https:\/\/www.gandlerhof.it\/it\/wp-json\/wp\/v2\/media?parent=3852"}],"curies":[{"name":"wp","href":"https:\/\/api.w.org\/{rel}","templated":true}]}}